{"id":1671,"date":"2012-09-23T14:23:15","date_gmt":"2012-09-23T12:23:15","guid":{"rendered":"http:\/\/xn--clubdemontaagranada-53b.es\/blog\/?page_id=1671"},"modified":"2020-04-18T21:51:23","modified_gmt":"2020-04-18T19:51:23","slug":"expediciones","status":"publish","type":"page","link":"https:\/\/xn--clubdemontaagranada-53b.es\/blog\/historia\/expediciones\/","title":{"rendered":"Expediciones"},"content":{"rendered":"<h1 style=\"text-align: center;\"><span style=\"color: #ff0000; text-decoration: underline;\"><strong>2.001-EXP. A LOS ANDES DE BOLIVIA<\/strong><\/span><\/h1>\n<p><a href=\"https:\/\/photos.app.goo.gl\/gBdprLCNNWMbtE1k6\"><img loading=\"lazy\" decoding=\"async\" class=\"aligncenter size-full wp-image-5310\" src=\"https:\/\/xn--clubdemontaagranada-53b.es\/blog\/wp-content\/uploads\/2020\/04\/bolivia-070.jpg\" alt=\"\" width=\"774\" height=\"516\" srcset=\"https:\/\/xn--clubdemontaagranada-53b.es\/blog\/wp-content\/uploads\/2020\/04\/bolivia-070.jpg 774w, https:\/\/xn--clubdemontaagranada-53b.es\/blog\/wp-content\/uploads\/2020\/04\/bolivia-070-300x200.jpg 300w, https:\/\/xn--clubdemontaagranada-53b.es\/blog\/wp-content\/uploads\/2020\/04\/bolivia-070-768x512.jpg 768w\" sizes=\"auto, (max-width: 774px) 100vw, 774px\" \/><\/a><\/p>\n<p>&nbsp;<\/p>\n<p style=\"text-align: justify;\"><strong>Dos miembros del Club de Monta\u00f1a Granada, Arkaitz Ibarra y Francisco Ruiz realizaron una expedici\u00f3n en Agosto de 2.001 para ascender las cimas m\u00e1s altas de Bolivia. Subieron\u00a0el Sajama de 6.542 metros, la m\u00e1s alta del pa\u00eds y una de las diez cimas m\u00e1s altas de la cordillera de los Andes. En la Cordillera Real ascendieron\u00a0la cima del \u00a0Illimani de 6.462 metros\u00a0y abandonaron en el Campo-1 por el mal tiempo al intentar ascender en la misma cordillera el Huayna Potos\u00ed de 6.088 metros, una de las monta\u00f1as mas bellas de los Andes.<\/strong><\/p>\n<h1 style=\"text-align: center;\"><strong><span style=\"color: #ff0000; text-decoration: underline;\">2.002-EXP. A LOS ANDES DE PERU<\/span><\/strong><\/h1>\n<h1><a href=\"https:\/\/photos.app.goo.gl\/DPMC2VR415z9c2Vc6\"><img loading=\"lazy\" decoding=\"async\" class=\"aligncenter size-large wp-image-5311\" src=\"https:\/\/xn--clubdemontaagranada-53b.es\/blog\/wp-content\/uploads\/2020\/04\/peru-053-1024x667.jpg\" alt=\"\" width=\"750\" height=\"489\" srcset=\"https:\/\/xn--clubdemontaagranada-53b.es\/blog\/wp-content\/uploads\/2020\/04\/peru-053-1024x667.jpg 1024w, https:\/\/xn--clubdemontaagranada-53b.es\/blog\/wp-content\/uploads\/2020\/04\/peru-053-300x195.jpg 300w, https:\/\/xn--clubdemontaagranada-53b.es\/blog\/wp-content\/uploads\/2020\/04\/peru-053-768x500.jpg 768w, https:\/\/xn--clubdemontaagranada-53b.es\/blog\/wp-content\/uploads\/2020\/04\/peru-053-1536x1001.jpg 1536w, https:\/\/xn--clubdemontaagranada-53b.es\/blog\/wp-content\/uploads\/2020\/04\/peru-053.jpg 1596w\" sizes=\"auto, (max-width: 750px) 100vw, 750px\" \/><\/a><\/h1>\n<p style=\"text-align: justify;\"><strong>Tres miembros del Club de Monta\u00f1a Granada, Angel Cardona, Jos\u00e9 Palomares y Francisco Ruiz realizar\u00f3n en Agosto del 2.002 una expedici\u00f3n a la Cordillera Blanca de los Andes para intentar la ascensi\u00f3n a dos de los\u00a0colosos que dan altura a Per\u00fa, \u00a0el Alpamayo de 5.947 metros y el Huascar\u00e1n de 6.768 metros. No pudieron realizar ninguna de las cumbres\u00a0por enfermedad de Angel, pero la experiencia result\u00f3 inolvidable.<\/strong><\/p>\n<h1 style=\"text-align: center;\"><strong><span style=\"color: #ff0000; text-decoration: underline;\">2.003-EXP. A KENIA Y TANZANIA<\/span><\/strong><\/h1>\n<h1><a href=\"https:\/\/photos.app.goo.gl\/RNyZ6Js37QWKYQPJA\"><img loading=\"lazy\" decoding=\"async\" class=\"aligncenter size-large wp-image-5312\" src=\"https:\/\/xn--clubdemontaagranada-53b.es\/blog\/wp-content\/uploads\/2020\/04\/kili-037-1024x690.jpg\" alt=\"\" width=\"750\" height=\"505\" srcset=\"https:\/\/xn--clubdemontaagranada-53b.es\/blog\/wp-content\/uploads\/2020\/04\/kili-037-1024x690.jpg 1024w, https:\/\/xn--clubdemontaagranada-53b.es\/blog\/wp-content\/uploads\/2020\/04\/kili-037-300x202.jpg 300w, https:\/\/xn--clubdemontaagranada-53b.es\/blog\/wp-content\/uploads\/2020\/04\/kili-037-768x518.jpg 768w, https:\/\/xn--clubdemontaagranada-53b.es\/blog\/wp-content\/uploads\/2020\/04\/kili-037-1536x1035.jpg 1536w, https:\/\/xn--clubdemontaagranada-53b.es\/blog\/wp-content\/uploads\/2020\/04\/kili-037-2048x1380.jpg 2048w\" sizes=\"auto, (max-width: 750px) 100vw, 750px\" \/><\/a><\/h1>\n<p style=\"text-align: justify;\"><strong>De senderistas a monta\u00f1eras. Diez miembros del Club de Monta\u00f1a Granada,\u00a0 Ana Mesa, Carmen Echevarria, Isabel Mora, Josefa Guti\u00e9rrez,\u00a0\u00a0Mar\u00eda Angela Mart\u00ednez, Mar\u00eda del Carmen Molina, Francisco P\u00e9rez,\u00a0 Jose Palomares, Manuel Fermin S\u00e1nchez\u00a0y Francisco Ruiz realizaron en Agosto 2.003, una expedici\u00f3n a Kenia\u00a0 para realizar una traves\u00eda\u00a0 de\u00a05 dias a traves del Parque Nacional del Monte Kenia ascendiendo a la Punta Lenana de 4.985 metros como aclimataci\u00f3n y preparaci\u00f3n para ascender\u00a0el Monte Kilimanjaro (Tanzania) por la ruta Marangu y coronar la cima\u00a0Uhuru Peak de 5.895 metros\u00a0el 14-8-2003 a las 8,00 horas, la gesta se realiz\u00f3 en 6 dias. Fu\u00e9 la primera vez que un grupo tan numeroso de granainas consigui\u00f3 una cumbre tan respetable, toda vez que las mismas se iniciaron como senderistas\u00a0 tres a\u00f1os atr\u00e1s en el programa \u201cCaminando por los senderos de Granada\u00bb de la Diputaci\u00f3n Provincial.<\/strong><\/p>\n<h1 style=\"text-align: center;\"><strong><span style=\"color: #ff0000; text-decoration: underline;\">2.004-EXP. A LA CORDILLERA DEL CAUCASO DE RUSIA<\/span><\/strong><\/h1>\n<h1><a href=\"https:\/\/photos.app.goo.gl\/Xefi8hMmvur93ULf9\"><img loading=\"lazy\" decoding=\"async\" class=\"aligncenter size-large wp-image-5302\" src=\"https:\/\/xn--clubdemontaagranada-53b.es\/blog\/wp-content\/uploads\/2020\/04\/Rusia-171-1024x715.jpg\" alt=\"\" width=\"750\" height=\"524\" srcset=\"https:\/\/xn--clubdemontaagranada-53b.es\/blog\/wp-content\/uploads\/2020\/04\/Rusia-171-1024x715.jpg 1024w, https:\/\/xn--clubdemontaagranada-53b.es\/blog\/wp-content\/uploads\/2020\/04\/Rusia-171-300x210.jpg 300w, https:\/\/xn--clubdemontaagranada-53b.es\/blog\/wp-content\/uploads\/2020\/04\/Rusia-171-768x537.jpg 768w, https:\/\/xn--clubdemontaagranada-53b.es\/blog\/wp-content\/uploads\/2020\/04\/Rusia-171.jpg 1503w\" sizes=\"auto, (max-width: 750px) 100vw, 750px\" \/><\/a><\/h1>\n<p style=\"text-align: justify;\"><strong>Ocho miembros del Club de Monta\u00f1a Granada, Esther Peralta, Maria del Carmen\u00a0Molina,\u00a0Josefa Guti\u00e9rrez, Manuel S\u00e1nchez, Francisco P\u00e9rez, Jos\u00e9 Palomares, Tom\u00e1s Rojas y Francisco Ruiz realizar\u00f3n en Agosto 2.004 una expedici\u00f3n a la cordillera del Ca\u00facaso para ascender el d\u00eda 8\u00a0a la que es considerada como la cumbre m\u00e1s alta de Europa, el Elbrus de 5.642 metros.<\/strong><\/p>\n<h1 style=\"text-align: center;\"><span style=\"color: #ff0000; text-decoration: underline;\"><strong>2.014-EXPEDICION A LOS ALPES<\/strong><\/span><\/h1>\n<h1><a href=\"https:\/\/photos.app.goo.gl\/WfTswsFCDktiJ49F6\"><img loading=\"lazy\" decoding=\"async\" class=\"aligncenter size-large wp-image-5317\" src=\"https:\/\/xn--clubdemontaagranada-53b.es\/blog\/wp-content\/uploads\/2020\/04\/Alpes-2014-670-1024x768.jpg\" alt=\"\" width=\"750\" height=\"563\" srcset=\"https:\/\/xn--clubdemontaagranada-53b.es\/blog\/wp-content\/uploads\/2020\/04\/Alpes-2014-670-1024x768.jpg 1024w, https:\/\/xn--clubdemontaagranada-53b.es\/blog\/wp-content\/uploads\/2020\/04\/Alpes-2014-670-300x225.jpg 300w, https:\/\/xn--clubdemontaagranada-53b.es\/blog\/wp-content\/uploads\/2020\/04\/Alpes-2014-670-768x576.jpg 768w, https:\/\/xn--clubdemontaagranada-53b.es\/blog\/wp-content\/uploads\/2020\/04\/Alpes-2014-670-1536x1152.jpg 1536w, https:\/\/xn--clubdemontaagranada-53b.es\/blog\/wp-content\/uploads\/2020\/04\/Alpes-2014-670-2048x1536.jpg 2048w\" sizes=\"auto, (max-width: 750px) 100vw, 750px\" \/><\/a><\/h1>\n<p style=\"text-align: justify;\"><strong>El d\u00eda 16 de Julio del a\u00f1o 2.014 a las 8:45 horas los compa\u00f1eros, Jos\u00e9 Cazorla, Jose Luis Torres, Eva Sola, Quique, Gelu y Paco Ruiz consiguieron ascender la cumbre del Mont Blanc de 4.808 metros de altitud para nuestro Club. La expedici\u00f3n tuvo que abortar por mal tiempo la Alta Ruta del Monte Rosa en Suiza como traves\u00eda de preparaci\u00f3n y aclimataci\u00f3n, a pesar de ello no decay\u00f3 el \u00e1nimo del grupo y tras las fuertes nevadas ca\u00eddas durante esa semana en las cumbres supieron aprovechar los d\u00edas de buen tiempo que se avecinaban para la semana siguiente y ascender en unas jornadas invernales la cima mas alta de la comunidad europea.<\/strong><\/p>\n","protected":false},"excerpt":{"rendered":"<p>2.001-EXP. A LOS ANDES DE BOLIVIA &nbsp; Dos miembros del Club de Monta\u00f1a Granada, Arkaitz Ibarra y Francisco Ruiz realizaron una expedici\u00f3n en Agosto de 2.001 para ascender las cimas m\u00e1s altas de Bolivia. Subieron\u00a0el Sajama de 6.542 metros, la m\u00e1s alta del pa\u00eds y una de las diez cimas m\u00e1s altas de la cordillera &hellip; <\/p>\n<p><a class=\"more-link btn\" href=\"https:\/\/xn--clubdemontaagranada-53b.es\/blog\/historia\/expediciones\/\">Seguir leyendo<\/a><\/p>\n","protected":false},"author":1,"featured_media":0,"parent":691,"menu_order":1,"comment_status":"open","ping_status":"open","template":"template-onecolumn.php","meta":{"footnotes":""},"class_list":["post-1671","page","type-page","status-publish","hentry","nodate","item-wrap"],"_links":{"self":[{"href":"https:\/\/xn--clubdemontaagranada-53b.es\/blog\/wp-json\/wp\/v2\/pages\/1671","targetHints":{"allow":["GET"]}}],"collection":[{"href":"https:\/\/xn--clubdemontaagranada-53b.es\/blog\/wp-json\/wp\/v2\/pages"}],"about":[{"href":"https:\/\/xn--clubdemontaagranada-53b.es\/blog\/wp-json\/wp\/v2\/types\/page"}],"author":[{"embeddable":true,"href":"https:\/\/xn--clubdemontaagranada-53b.es\/blog\/wp-json\/wp\/v2\/users\/1"}],"replies":[{"embeddable":true,"href":"https:\/\/xn--clubdemontaagranada-53b.es\/blog\/wp-json\/wp\/v2\/comments?post=1671"}],"version-history":[{"count":22,"href":"https:\/\/xn--clubdemontaagranada-53b.es\/blog\/wp-json\/wp\/v2\/pages\/1671\/revisions"}],"predecessor-version":[{"id":5318,"href":"https:\/\/xn--clubdemontaagranada-53b.es\/blog\/wp-json\/wp\/v2\/pages\/1671\/revisions\/5318"}],"up":[{"embeddable":true,"href":"https:\/\/xn--clubdemontaagranada-53b.es\/blog\/wp-json\/wp\/v2\/pages\/691"}],"wp:attachment":[{"href":"https:\/\/xn--clubdemontaagranada-53b.es\/blog\/wp-json\/wp\/v2\/media?parent=1671"}],"curies":[{"name":"wp","href":"https:\/\/api.w.org\/{rel}","templated":true}]}}