{"id":1684,"date":"2012-09-24T00:45:01","date_gmt":"2012-09-23T22:45:01","guid":{"rendered":"http:\/\/xn--clubdemontaagranada-53b.es\/blog\/?page_id=1684"},"modified":"2020-04-18T20:59:51","modified_gmt":"2020-04-18T18:59:51","slug":"trekkings","status":"publish","type":"page","link":"https:\/\/xn--clubdemontaagranada-53b.es\/blog\/historia\/trekkings\/","title":{"rendered":"Trekkings"},"content":{"rendered":"<h1 style=\"text-align: center;\"><strong><span style=\"color: #ff0000; text-decoration: underline;\">2.001-TRAVESIA DE 5 DIAS POR EL ALTO ATLAS MARROQU\u00cd<\/span><\/strong><\/h1>\n<p><a href=\"https:\/\/photos.app.goo.gl\/e2BrPgQaVHGhWnFP9\"><img loading=\"lazy\" decoding=\"async\" class=\"aligncenter size-large wp-image-5305\" src=\"https:\/\/xn--clubdemontaagranada-53b.es\/blog\/wp-content\/uploads\/2020\/04\/atlas-042-1024x686.jpg\" alt=\"\" width=\"750\" height=\"502\" srcset=\"https:\/\/xn--clubdemontaagranada-53b.es\/blog\/wp-content\/uploads\/2020\/04\/atlas-042-1024x686.jpg 1024w, https:\/\/xn--clubdemontaagranada-53b.es\/blog\/wp-content\/uploads\/2020\/04\/atlas-042-300x201.jpg 300w, https:\/\/xn--clubdemontaagranada-53b.es\/blog\/wp-content\/uploads\/2020\/04\/atlas-042-768x514.jpg 768w, https:\/\/xn--clubdemontaagranada-53b.es\/blog\/wp-content\/uploads\/2020\/04\/atlas-042-1536x1029.jpg 1536w, https:\/\/xn--clubdemontaagranada-53b.es\/blog\/wp-content\/uploads\/2020\/04\/atlas-042.jpg 1580w\" sizes=\"auto, (max-width: 750px) 100vw, 750px\" \/><\/a><\/p>\n<p style=\"text-align: justify;\"><strong>Realizada del 7 al 15 de abril del a\u00f1o 2.001, por un grupo de 18 compa\u00f1er@s y la colaboraci\u00f3n del Club de Monta\u00f1a Granada. La traves\u00eda de 5 d\u00edas de duraci\u00f3n se inici\u00f3 el primer d\u00eda en la localidad de Asni hasta Tadmanmt, el segundo d\u00eda se atraves\u00f3 la estaci\u00f3n de esqu\u00ed de Oukaimeden hasta Tacheddirt, descansando el tercero, aunque los mas atrevidos optaron por ascender a la cumbre del Angour de 3.616 metros de altura, el cuarto d\u00eda de Tacheddirt a Timichchi y el quinto de Timichchi a Setti Fattma por el valle de Ourika, desde all\u00ed en bus hasta Marrakech. El grupo realiz\u00f3 todo el viaje en minibus partiendo y regresando a Granada. El primer d\u00eda se descans\u00f3 en F\u00e9s, el segundo en Marrakech. Finalizado el trekking se regres\u00f3 a Marrakech y a Granada por Casablanca donde nos deleitaron de una suculenta comida en el restaurante de la casa de Espa\u00f1a, dos a\u00f1os antes de ser destruida por un atentado terrorista. \u00a0\u00a0<\/strong><\/p>\n<h1 style=\"text-align: center;\"><strong><span style=\"color: #ff0000; text-decoration: underline;\">2.002-TOUR DEL MONT BLANC<\/span><\/strong><\/h1>\n<p><a href=\"https:\/\/photos.app.goo.gl\/YtamuFR3wKFePUrx9\"><img loading=\"lazy\" decoding=\"async\" class=\"aligncenter size-large wp-image-5300\" src=\"https:\/\/xn--clubdemontaagranada-53b.es\/blog\/wp-content\/uploads\/2020\/04\/alpes-073-1024x683.png\" alt=\"\" width=\"750\" height=\"500\" srcset=\"https:\/\/xn--clubdemontaagranada-53b.es\/blog\/wp-content\/uploads\/2020\/04\/alpes-073-1024x683.png 1024w, https:\/\/xn--clubdemontaagranada-53b.es\/blog\/wp-content\/uploads\/2020\/04\/alpes-073-300x200.png 300w, https:\/\/xn--clubdemontaagranada-53b.es\/blog\/wp-content\/uploads\/2020\/04\/alpes-073-768x512.png 768w, https:\/\/xn--clubdemontaagranada-53b.es\/blog\/wp-content\/uploads\/2020\/04\/alpes-073.png 1196w\" sizes=\"auto, (max-width: 750px) 100vw, 750px\" \/><\/a><\/p>\n<p style=\"text-align: justify;\"><strong>Realizado en 10 d\u00edas\u00a0del 27 de Junio al 11 de Julio del a\u00f1o 2.002 por un grupo de 10\u00a0 compa\u00f1er@s y la colaboraci\u00f3n del Club de Monta\u00f1a Granada,\u00a0se viaj\u00f3 en bus desde Granada a Chamonix. El Tour\u00a0se inici\u00f3 el primer d\u00eda en Les Houches de Chamonix al Refugio de Miage (1.559 m.), el segundo d\u00eda al Refugio de Le Nant Borrant (1.459 m.), el tercero al Refugio des Mottets (1.879 m.), el cuarto a Courmayeur\u00a0 (1.226 m.), descansando el quinto d\u00eda en esta ciudad, el sexto d\u00eda al Refugio Elena (2.062 m.), el s\u00e9ptimo al refugio Bon Abri de Champex d\u2019en Haut (1.434 m.), el octavo\u00a0 al hotel del Col dela Forclaz (1.526 m.), el noveno al refugio de la Fl\u00e9g\u00e9re (1.877 m.), y el d\u00e9cimo llegada a Chamonix. Se atravesaron las fronteras de monta\u00f1a de Francia, Italia\u00a0y Suiza.<\/strong><\/p>\n<h1 style=\"text-align: center;\"><strong><span style=\"color: #ff0000; text-decoration: underline;\">2.003-TRAVESIA DE 4 DIAS POR LA SIERRA DE GREDOS<\/span><\/strong><\/h1>\n<p><a href=\"https:\/\/photos.app.goo.gl\/igpgzFjmzk5Aadvw6\"><img loading=\"lazy\" decoding=\"async\" class=\"aligncenter size-large wp-image-5307\" src=\"https:\/\/xn--clubdemontaagranada-53b.es\/blog\/wp-content\/uploads\/2020\/04\/gredos-012-1024x681.jpg\" alt=\"\" width=\"750\" height=\"499\" srcset=\"https:\/\/xn--clubdemontaagranada-53b.es\/blog\/wp-content\/uploads\/2020\/04\/gredos-012-1024x681.jpg 1024w, https:\/\/xn--clubdemontaagranada-53b.es\/blog\/wp-content\/uploads\/2020\/04\/gredos-012-300x199.jpg 300w, https:\/\/xn--clubdemontaagranada-53b.es\/blog\/wp-content\/uploads\/2020\/04\/gredos-012-768x511.jpg 768w, https:\/\/xn--clubdemontaagranada-53b.es\/blog\/wp-content\/uploads\/2020\/04\/gredos-012-1536x1021.jpg 1536w, https:\/\/xn--clubdemontaagranada-53b.es\/blog\/wp-content\/uploads\/2020\/04\/gredos-012.jpg 1605w\" sizes=\"auto, (max-width: 750px) 100vw, 750px\" \/><\/a><\/p>\n<p style=\"text-align: justify;\"><strong>Realizada del 18 al 22 de junio del a\u00f1o 2.003 por un grupo de 12 compa\u00f1er@s y la colaboraci\u00f3n del Club de Monta\u00f1a Granada, el primer d\u00eda se realiz\u00f3 el viaje en bus desde Granada hasta el Camping de los Galayos, el segundo comenz\u00f3 la caminata hasta el refugio Antonio Victory (2.000 m.), el tercero hasta el refugio Elola (2.000 m.) en la laguna Grande del Circo de Gredos, el cuarto se vivaqueo en la cabecera de la garganta de Bohoyo para continuar el quinto d\u00eda hasta el pueblo de Bohoyo donde un buen chulet\u00f3n \u00a0de Avila y unas cervezas deleitaron el casancio antes de regresar a Granada.<\/strong><\/p>\n","protected":false},"excerpt":{"rendered":"<p>2.001-TRAVESIA DE 5 DIAS POR EL ALTO ATLAS MARROQU\u00cd Realizada del 7 al 15 de abril del a\u00f1o 2.001, por un grupo de 18 compa\u00f1er@s y la colaboraci\u00f3n del Club de Monta\u00f1a Granada. La traves\u00eda de 5 d\u00edas de duraci\u00f3n se inici\u00f3 el primer d\u00eda en la localidad de Asni hasta Tadmanmt, el segundo d\u00eda &hellip; <\/p>\n<p><a class=\"more-link btn\" href=\"https:\/\/xn--clubdemontaagranada-53b.es\/blog\/historia\/trekkings\/\">Seguir leyendo<\/a><\/p>\n","protected":false},"author":1,"featured_media":0,"parent":691,"menu_order":2,"comment_status":"open","ping_status":"open","template":"template-onecolumn.php","meta":{"footnotes":""},"class_list":["post-1684","page","type-page","status-publish","hentry","nodate","item-wrap"],"_links":{"self":[{"href":"https:\/\/xn--clubdemontaagranada-53b.es\/blog\/wp-json\/wp\/v2\/pages\/1684","targetHints":{"allow":["GET"]}}],"collection":[{"href":"https:\/\/xn--clubdemontaagranada-53b.es\/blog\/wp-json\/wp\/v2\/pages"}],"about":[{"href":"https:\/\/xn--clubdemontaagranada-53b.es\/blog\/wp-json\/wp\/v2\/types\/page"}],"author":[{"embeddable":true,"href":"https:\/\/xn--clubdemontaagranada-53b.es\/blog\/wp-json\/wp\/v2\/users\/1"}],"replies":[{"embeddable":true,"href":"https:\/\/xn--clubdemontaagranada-53b.es\/blog\/wp-json\/wp\/v2\/comments?post=1684"}],"version-history":[{"count":14,"href":"https:\/\/xn--clubdemontaagranada-53b.es\/blog\/wp-json\/wp\/v2\/pages\/1684\/revisions"}],"predecessor-version":[{"id":5308,"href":"https:\/\/xn--clubdemontaagranada-53b.es\/blog\/wp-json\/wp\/v2\/pages\/1684\/revisions\/5308"}],"up":[{"embeddable":true,"href":"https:\/\/xn--clubdemontaagranada-53b.es\/blog\/wp-json\/wp\/v2\/pages\/691"}],"wp:attachment":[{"href":"https:\/\/xn--clubdemontaagranada-53b.es\/blog\/wp-json\/wp\/v2\/media?parent=1684"}],"curies":[{"name":"wp","href":"https:\/\/api.w.org\/{rel}","templated":true}]}}