{"id":46,"date":"2011-11-27T11:40:53","date_gmt":"2011-11-27T10:40:53","guid":{"rendered":"http:\/\/xn--clubdemontaagranada-53b.es\/blog\/?page_id=46"},"modified":"2023-01-26T12:20:38","modified_gmt":"2023-01-26T11:20:38","slug":"miembros","status":"publish","type":"page","link":"https:\/\/xn--clubdemontaagranada-53b.es\/blog\/miembros\/","title":{"rendered":"Socios"},"content":{"rendered":"<div id=\"attachment_5314\" style=\"width: 750px\" class=\"wp-caption aligncenter\"><a href=\"https:\/\/photos.app.goo.gl\/8k3X9Uq8J1Ks6G4y8\"><img loading=\"lazy\" decoding=\"async\" aria-describedby=\"caption-attachment-5314\" class=\"wp-image-5314\" src=\"https:\/\/xn--clubdemontaagranada-53b.es\/blog\/wp-content\/uploads\/2020\/04\/Mulhacen2000.jpg\" alt=\"\" width=\"750\" height=\"510\" srcset=\"https:\/\/xn--clubdemontaagranada-53b.es\/blog\/wp-content\/uploads\/2020\/04\/Mulhacen2000.jpg 1024w, https:\/\/xn--clubdemontaagranada-53b.es\/blog\/wp-content\/uploads\/2020\/04\/Mulhacen2000-300x204.jpg 300w, https:\/\/xn--clubdemontaagranada-53b.es\/blog\/wp-content\/uploads\/2020\/04\/Mulhacen2000-768x522.jpg 768w\" sizes=\"auto, (max-width: 750px) 100vw, 750px\" \/><\/a><p id=\"caption-attachment-5314\" class=\"wp-caption-text\">R\u00e9cord de participaci\u00f3n en el Mulhac\u00e9n 16-07-2000<\/p><\/div>\n<p style=\"text-align: justify;\"><strong>Este alb\u00fam de fotos est\u00e1 dedicado a todos aquellos socios y amigos monta\u00f1eros\u00a0que han participado en las actividades\u00a0que nuestro Club ha ido organizando desde el a\u00f1o 2.000, ascendiendo a numerosas cumbres de las sierras de nuestro alrededor. Seguro que os traeran excelentes recuerdos, sobre todo a los que a\u00fan permenecen como socios, tambi\u00e9n a los que se marcharon.\u00a0<\/strong><\/p>\n<p style=\"text-align: justify;\"><strong><span style=\"text-decoration: underline;\"><span style=\"color: #ff0000; text-decoration: underline;\">EL CLUB<\/span>:<\/span>\u00a0 Constituido en Enero del a\u00f1o 2.001, inici\u00f3 sus\u00a0actividades de forma organizada con un primer programa\u00a0 para la temporada 2000\/2001.\u00a0\u00a0<\/strong><\/p>\n<p style=\"text-align: justify;\"><strong><span style=\"color: #ff0000; text-decoration: underline;\">SOCIOS<\/span>: Existen dos modalidades, socio A aquel que participa permanentemente en el programa de actividades normal, tiene derecho a 12 salidas anuales con una cuota trimestral de 40 euros,\u00a0 no tiene cuota de afiliaci\u00f3n. Socio invitado, tiene una cuota por actividad de 20 euros y derecho a federarse por nuestro Club.<\/strong><\/p>\n<p style=\"text-align: justify;\"><strong><span style=\"text-decoration: underline;\"><span style=\"color: #ff0000; text-decoration: underline;\">INVITADOS:<\/span><\/span> Los socios pueden invitar a familiares y amistades a participar en el Programa Normal de Actividades que organiza el Club siempre que haya plazas libres y realizando la inscripci\u00f3n a trav\u00e9s del formulario establecido en nuestro blog para cada salida.\u00a0\u00a0El precio de cada salida de dicho programa es de 20 euros\/salida, excepto la traves\u00eda nocturna\u00a0 cuyo precio se establece antes de su celebraci\u00f3n.<\/strong><\/p>\n<p style=\"text-align: justify;\"><strong><span style=\"text-decoration: underline;\"><span style=\"color: #ff0000; text-decoration: underline;\">INFORMACION<\/span>:<\/span> En el correo de nuestro Club: <span style=\"color: #10f806;\"><a href=\"mailto:clubmontagrana@hotmail.com\">clubmontagrana@hotmail.com<\/a><\/span>\u00a0<\/strong><\/p>\n<p style=\"text-align: justify;\"><strong><span style=\"text-decoration: underline;\"><span style=\"text-decoration: underline;\"><span style=\"color: #ff0000; text-decoration: underline;\">DIRECTIVA<\/span><\/span><\/span><\/strong><strong>: Para mas informaci\u00f3n estamos Bernab\u00e9 de presidente <a href=\"mailto:mishadasdedos@hotmail.com\">mishadasdedos@hotmail.com<\/a><\/strong><strong> y Salvador de tesorero <a href=\"mailto:salva.53@hotmail.com\">salva.53@hotmail.com<\/a>\u00a0<\/strong><\/p>\n<p style=\"text-align: justify;\">\u00a0 <img loading=\"lazy\" decoding=\"async\" class=\"alignnone wp-image-5664 size-medium\" src=\"https:\/\/xn--clubdemontaagranada-53b.es\/blog\/wp-content\/uploads\/2023\/01\/IMG-20211105-WA0032-300x300.jpg\" alt=\"\" width=\"300\" height=\"300\" srcset=\"https:\/\/xn--clubdemontaagranada-53b.es\/blog\/wp-content\/uploads\/2023\/01\/IMG-20211105-WA0032-300x300.jpg 300w, https:\/\/xn--clubdemontaagranada-53b.es\/blog\/wp-content\/uploads\/2023\/01\/IMG-20211105-WA0032-1024x1024.jpg 1024w, https:\/\/xn--clubdemontaagranada-53b.es\/blog\/wp-content\/uploads\/2023\/01\/IMG-20211105-WA0032-150x150.jpg 150w, https:\/\/xn--clubdemontaagranada-53b.es\/blog\/wp-content\/uploads\/2023\/01\/IMG-20211105-WA0032-768x768.jpg 768w, https:\/\/xn--clubdemontaagranada-53b.es\/blog\/wp-content\/uploads\/2023\/01\/IMG-20211105-WA0032-1536x1536.jpg 1536w, https:\/\/xn--clubdemontaagranada-53b.es\/blog\/wp-content\/uploads\/2023\/01\/IMG-20211105-WA0032-750x750.jpg 750w, https:\/\/xn--clubdemontaagranada-53b.es\/blog\/wp-content\/uploads\/2023\/01\/IMG-20211105-WA0032.jpg 1600w\" sizes=\"auto, (max-width: 300px) 100vw, 300px\" \/><\/p>\n<p style=\"text-align: justify;\">\n","protected":false},"excerpt":{"rendered":"<p>Este alb\u00fam de fotos est\u00e1 dedicado a todos aquellos socios y amigos monta\u00f1eros\u00a0que han participado en las actividades\u00a0que nuestro Club ha ido organizando desde el a\u00f1o 2.000, ascendiendo a numerosas cumbres de las sierras de nuestro alrededor. Seguro que os traeran excelentes recuerdos, sobre todo a los que a\u00fan permenecen como socios, tambi\u00e9n a los &hellip; <\/p>\n<p><a class=\"more-link btn\" href=\"https:\/\/xn--clubdemontaagranada-53b.es\/blog\/miembros\/\">Seguir leyendo<\/a><\/p>\n","protected":false},"author":1,"featured_media":0,"parent":0,"menu_order":5,"comment_status":"open","ping_status":"open","template":"template-onecolumn.php","meta":{"footnotes":""},"class_list":["post-46","page","type-page","status-publish","hentry","nodate","item-wrap"],"_links":{"self":[{"href":"https:\/\/xn--clubdemontaagranada-53b.es\/blog\/wp-json\/wp\/v2\/pages\/46","targetHints":{"allow":["GET"]}}],"collection":[{"href":"https:\/\/xn--clubdemontaagranada-53b.es\/blog\/wp-json\/wp\/v2\/pages"}],"about":[{"href":"https:\/\/xn--clubdemontaagranada-53b.es\/blog\/wp-json\/wp\/v2\/types\/page"}],"author":[{"embeddable":true,"href":"https:\/\/xn--clubdemontaagranada-53b.es\/blog\/wp-json\/wp\/v2\/users\/1"}],"replies":[{"embeddable":true,"href":"https:\/\/xn--clubdemontaagranada-53b.es\/blog\/wp-json\/wp\/v2\/comments?post=46"}],"version-history":[{"count":63,"href":"https:\/\/xn--clubdemontaagranada-53b.es\/blog\/wp-json\/wp\/v2\/pages\/46\/revisions"}],"predecessor-version":[{"id":5665,"href":"https:\/\/xn--clubdemontaagranada-53b.es\/blog\/wp-json\/wp\/v2\/pages\/46\/revisions\/5665"}],"wp:attachment":[{"href":"https:\/\/xn--clubdemontaagranada-53b.es\/blog\/wp-json\/wp\/v2\/media?parent=46"}],"curies":[{"name":"wp","href":"https:\/\/api.w.org\/{rel}","templated":true}]}}